{"id":436,"date":"2026-03-20T18:13:25","date_gmt":"2026-03-20T17:13:25","guid":{"rendered":"https:\/\/tennisclubkrauchenwies.de\/?page_id=436"},"modified":"2026-03-20T18:24:03","modified_gmt":"2026-03-20T17:24:03","slug":"jahreshauptversammlung-2026","status":"publish","type":"page","link":"https:\/\/tennisclubkrauchenwies.de\/?page_id=436","title":{"rendered":"Jahreshauptversammlung 2026"},"content":{"rendered":"\n<h3 class=\"wp-block-heading\">Jahreshauptversammlung 2026<\/h3>\n\n\n\n<p><br>Am <strong>24. April 2026<\/strong> findet die TCK Hauptversammlung statt. Die genauen Programmpunkte werden in K\u00fcrze ver\u00f6ffentlicht.<br>Einen dieser Punkte m\u00f6chten wir bereits jetzt kommunizieren, da es einen Antrag auf Beschlussfassung gibt.<br><br>Details:<\/p>\n\n\n\n<p>5. Antrag auf Beschlussfassung \u00fcber \u00c4nderungen folgender Paragrafen der aktuellen Satzung f\u00fcr jeden aufgef\u00fchrten Punkt\/Unterpunkt zur jeweils einzelnen Abstimmung. Die \u00c4nderungsparagrafen sind unter&nbsp;<a href=\"http:\/\/www.tennisclubkrauchenwies.de\/\" target=\"_blank\" rel=\"noreferrer noopener\">www.tennisclubkrauchenwies.de<\/a>&nbsp;einzusehen.<\/p>\n\n\n\n<p>&nbsp;\u00a7 12 Beitr\u00e4ge:<\/p>\n\n\n\n<p>a.&nbsp;<em>\u201eDie Mitglieder sind verpflichtet, bei Bedarf des Vereines Arbeitsleistungen zu erbringen. Die Anzahl der j\u00e4hrlichen Arbeitsstunden beschlie\u00dft die Mitgliederversammlung. Nicht erbrachte &nbsp; &nbsp; &nbsp; &nbsp;&nbsp; &nbsp; Arbeitsstundenm\u00fcssen durch die Leistung eines Geldbetrages abgegolten werden. Die H\u00f6he dieses Geldbetrages pro nicht geleisteter Arbeitsstunde beschlie\u00dft die Mitgliederversammlung.\u201c<\/em><\/p>\n\n\n\n<p><em>&nbsp; b.&nbsp;<\/em><em>\u201eMitglieder, die das 18. Lebensjahr noch nicht vollendet haben, sind von der Erbringung der Arbeitsleistungen befreit. Ebenso Mitglieder, die das 70. Lebensjahr vollendet haben.<\/em><\/p>\n\n\n\n<p><em>c. \u201e\u00c4nderung der Beitragss\u00e4tze f\u00fcr folgende Mitgliedseinheiten\u201c:<\/em><\/p>\n\n\n\n<p>&#8211;&nbsp;&nbsp;&nbsp;&nbsp;&nbsp;&nbsp;&nbsp;&nbsp;&nbsp;&nbsp;&nbsp;&nbsp;&nbsp;<em>Kind solo bis 14 Jahre: von 10 EUR auf 25 EUR<\/em><\/p>\n\n\n\n<p>&#8211;&nbsp;&nbsp;&nbsp;&nbsp;&nbsp;&nbsp;&nbsp;&nbsp;&nbsp;&nbsp;&nbsp;&nbsp;&nbsp;<em>Kind\/Jugendlicher solo von 14 bis 18 Jahre: von 35 EUR auf 45 EUR<\/em><\/p>\n\n\n\n<p>&#8211;&nbsp;&nbsp;&nbsp;&nbsp;&nbsp;&nbsp;&nbsp;&nbsp;&nbsp;&nbsp;&nbsp;&nbsp;&nbsp;<em>Junge Erwachsene (18 bis 21 Jahre): entf\u00e4llt<\/em><\/p>\n\n\n\n<p>&#8211;&nbsp;&nbsp;&nbsp;&nbsp;&nbsp;&nbsp;&nbsp;&nbsp;&nbsp;&nbsp;&nbsp;&nbsp;&nbsp;<em>Azubi, Studenten, Sch\u00fcler (gegen entsprechenden Nachweis):<\/em><\/p>\n\n\n\n<p><em>von 35 EUR auf 45 EUR<\/em><\/p>\n\n\n\n<p>&#8211;&nbsp;&nbsp;&nbsp;&nbsp;&nbsp;&nbsp;&nbsp;&nbsp;&nbsp;&nbsp;&nbsp;&nbsp;&nbsp;<em>Ehepaar mit Kind: 180 EUR (90+90) + 15 EUR f\u00fcr jedes angemeldete Kind bis 18 Jahre<\/em><\/p>\n\n\n\n<p>&#8211;&nbsp;&nbsp;&nbsp;&nbsp;&nbsp;&nbsp;&nbsp;&nbsp;&nbsp;&nbsp;&nbsp;&nbsp;&nbsp;<em>1 Elternteil + Kind: 110 EUR + 15 EUR f\u00fcr jedes angemeldete Kind bis 18 Jahre<\/em><\/p>\n\n\n\n<p>&#8211;&nbsp;&nbsp;&nbsp;&nbsp;&nbsp;&nbsp;&nbsp;&nbsp;&nbsp;&nbsp;&nbsp;&nbsp;&nbsp;<em>Platzschl\u00fcssel Kaution: von 40 EUR auf 50 EUR<\/em><\/p>\n\n\n\n<p><em>d. \u201eNach Eintritt der Vollj\u00e4hrigkeit hat das Mitglied das Recht die Mitgliedschaft unter Einhaltung einer Frist von drei Monaten schriftlich oder per E-Mail zu k\u00fcndigen. Minderj\u00e4hrige Vereinsmitglieder werden mit Eintritt der Vollj\u00e4hrigkeit&nbsp;<\/em><\/p>\n","protected":false},"excerpt":{"rendered":"<p>Jahreshauptversammlung 2026 Am 24. April 2026 findet die TCK Hauptversammlung statt. Die genauen Programmpunkte werden in K\u00fcrze ver\u00f6ffentlicht.Einen dieser Punkte [&hellip;]<\/p>\n","protected":false},"author":1,"featured_media":0,"parent":0,"menu_order":0,"comment_status":"closed","ping_status":"closed","template":"","meta":{"site-sidebar-layout":"default","site-content-layout":"","ast-site-content-layout":"default","site-content-style":"default","site-sidebar-style":"default","ast-global-header-display":"","ast-banner-title-visibility":"","ast-main-header-display":"","ast-hfb-above-header-display":"","ast-hfb-below-header-display":"","ast-hfb-mobile-header-display":"","site-post-title":"disabled","ast-breadcrumbs-content":"","ast-featured-img":"","footer-sml-layout":"","ast-disable-related-posts":"","theme-transparent-header-meta":"","adv-header-id-meta":"","stick-header-meta":"","header-above-stick-meta":"","header-main-stick-meta":"","header-below-stick-meta":"","astra-migrate-meta-layouts":"default","ast-page-background-enabled":"default","ast-page-background-meta":{"desktop":{"background-color":"var(--ast-global-color-4)","background-image":"","background-repeat":"repeat","background-position":"center center","background-size":"auto","background-attachment":"scroll","background-type":"","background-media":"","overlay-type":"","overlay-color":"","overlay-opacity":"","overlay-gradient":""},"tablet":{"background-color":"","background-image":"","background-repeat":"repeat","background-position":"center center","background-size":"auto","background-attachment":"scroll","background-type":"","background-media":"","overlay-type":"","overlay-color":"","overlay-opacity":"","overlay-gradient":""},"mobile":{"background-color":"","background-image":"","background-repeat":"repeat","background-position":"center center","background-size":"auto","background-attachment":"scroll","background-type":"","background-media":"","overlay-type":"","overlay-color":"","overlay-opacity":"","overlay-gradient":""}},"ast-content-background-meta":{"desktop":{"background-color":"var(--ast-global-color-5)","background-image":"","background-repeat":"repeat","background-position":"center center","background-size":"auto","background-attachment":"scroll","background-type":"","background-media":"","overlay-type":"","overlay-color":"","overlay-opacity":"","overlay-gradient":""},"tablet":{"background-color":"var(--ast-global-color-5)","background-image":"","background-repeat":"repeat","background-position":"center center","background-size":"auto","background-attachment":"scroll","background-type":"","background-media":"","overlay-type":"","overlay-color":"","overlay-opacity":"","overlay-gradient":""},"mobile":{"background-color":"var(--ast-global-color-5)","background-image":"","background-repeat":"repeat","background-position":"center center","background-size":"auto","background-attachment":"scroll","background-type":"","background-media":"","overlay-type":"","overlay-color":"","overlay-opacity":"","overlay-gradient":""}},"footnotes":""},"class_list":["post-436","page","type-page","status-publish","hentry"],"_links":{"self":[{"href":"https:\/\/tennisclubkrauchenwies.de\/index.php?rest_route=\/wp\/v2\/pages\/436","targetHints":{"allow":["GET"]}}],"collection":[{"href":"https:\/\/tennisclubkrauchenwies.de\/index.php?rest_route=\/wp\/v2\/pages"}],"about":[{"href":"https:\/\/tennisclubkrauchenwies.de\/index.php?rest_route=\/wp\/v2\/types\/page"}],"author":[{"embeddable":true,"href":"https:\/\/tennisclubkrauchenwies.de\/index.php?rest_route=\/wp\/v2\/users\/1"}],"replies":[{"embeddable":true,"href":"https:\/\/tennisclubkrauchenwies.de\/index.php?rest_route=%2Fwp%2Fv2%2Fcomments&post=436"}],"version-history":[{"count":3,"href":"https:\/\/tennisclubkrauchenwies.de\/index.php?rest_route=\/wp\/v2\/pages\/436\/revisions"}],"predecessor-version":[{"id":439,"href":"https:\/\/tennisclubkrauchenwies.de\/index.php?rest_route=\/wp\/v2\/pages\/436\/revisions\/439"}],"wp:attachment":[{"href":"https:\/\/tennisclubkrauchenwies.de\/index.php?rest_route=%2Fwp%2Fv2%2Fmedia&parent=436"}],"curies":[{"name":"wp","href":"https:\/\/api.w.org\/{rel}","templated":true}]}}