{"id":18,"date":"2024-05-16T20:07:50","date_gmt":"2024-05-16T18:07:50","guid":{"rendered":"https:\/\/relaunch.tennisclubkrauchenwies.de\/?page_id=18"},"modified":"2025-06-17T15:09:59","modified_gmt":"2025-06-17T13:09:59","slug":"home","status":"publish","type":"page","link":"https:\/\/tennisclubkrauchenwies.de\/","title":{"rendered":"Start"},"content":{"rendered":"\n<div class=\"wp-block-cover alignfull\"><img loading=\"lazy\" decoding=\"async\" width=\"1024\" height=\"682\" class=\"wp-block-cover__image-background wp-image-308 size-large\" alt=\"\" src=\"https:\/\/tennisclubkrauchenwies.de\/wp-content\/uploads\/2025\/04\/photo_2025-04-20-21.54.23-1024x682.jpeg\" data-object-fit=\"cover\" srcset=\"https:\/\/tennisclubkrauchenwies.de\/wp-content\/uploads\/2025\/04\/photo_2025-04-20-21.54.23-1024x682.jpeg 1024w, https:\/\/tennisclubkrauchenwies.de\/wp-content\/uploads\/2025\/04\/photo_2025-04-20-21.54.23-300x200.jpeg 300w, https:\/\/tennisclubkrauchenwies.de\/wp-content\/uploads\/2025\/04\/photo_2025-04-20-21.54.23-768x512.jpeg 768w, https:\/\/tennisclubkrauchenwies.de\/wp-content\/uploads\/2025\/04\/photo_2025-04-20-21.54.23.jpeg 1280w\" sizes=\"auto, (max-width: 1024px) 100vw, 1024px\" \/><span aria-hidden=\"true\" class=\"wp-block-cover__background has-background-dim\" style=\"background-color:#54261d\"><\/span><div class=\"wp-block-cover__inner-container is-layout-flow wp-block-cover-is-layout-flow\">\n<h2 class=\"wp-block-heading has-text-align-left has-large-font-size\">Willkommen im Club!<\/h2>\n\n\n\n<h2 class=\"wp-block-heading has-ast-global-color-5-color has-text-color has-link-color wp-elements-28785c0e284550cc24592066d9fbecad\">Tennisclub Krauchenwies e.V.<\/h2>\n\n\n\n<div class=\"wp-block-buttons is-layout-flex wp-block-buttons-is-layout-flex\">\n<div class=\"wp-block-button\"><a class=\"wp-block-button__link wp-element-button\" href=\"https:\/\/tennisclubkrauchenwies.de\/?page_id=131\">Jetzt Mitglied werden<\/a><\/div>\n<\/div>\n<\/div><\/div>\n\n\n\n<div class=\"wp-block-group is-layout-constrained wp-block-group-is-layout-constrained\">\n<p class=\"has-text-align-center has-medium-font-size\" style=\"margin-right:0;margin-left:0\">Egal, ob du gerade erst mit dem Tennis beginnst oder bereits ein erfahrener Spieler bist, hier findest du genau das, was du brauchst. Unser Team aus qualifizierten Trainern steht bereit, um dir dabei zu helfen, dein volles Potenzial auf dem Platz auszusch\u00f6pfen.<\/p>\n\n\n\n<p class=\"has-text-align-center has-medium-font-size\" style=\"margin-right:0;margin-left:0\">Aber hier geht&#8217;s nicht nur um Tennis. Wir organisieren auch regelm\u00e4\u00dfig Turniere, Veranstaltungen und Aktivit\u00e4ten, damit du nicht nur dein Spiel verbesserst, sondern auch neue Leute triffst und jede Menge Spa\u00df hast!<\/p>\n\n\n\n<p class=\"has-text-align-center has-medium-font-size\" style=\"margin-right:0;margin-left:0\">Bist du bereit, Teil dieser coolen Community zu werden? Schlie\u00df dich noch heute dem Tennisclub Krauchenwies an und mach dich bereit, auf dem Platz durchzustarten!<\/p>\n<\/div>\n\n\n\n<div class=\"wp-block-buttons is-content-justification-center is-layout-flex wp-container-core-buttons-is-layout-11db0663 wp-block-buttons-is-layout-flex\">\n<div class=\"wp-block-button\"><a class=\"wp-block-button__link has-text-align-center wp-element-button\" href=\"https:\/\/tennisclubkrauchenwies.de\/?page_id=131\">Jetzt Mitglied werden<\/a><\/div>\n<\/div>\n\n\n\n<div style=\"height:56px\" aria-hidden=\"true\" class=\"wp-block-spacer\"><\/div>\n\n\n\n<div class=\"wp-block-media-text is-stacked-on-mobile is-vertically-aligned-center has-background\" style=\"background-color:#f2f2f2;margin-right:0;margin-left:0\"><figure class=\"wp-block-media-text__media\"><img loading=\"lazy\" decoding=\"async\" width=\"960\" height=\"720\" src=\"https:\/\/tennisclubkrauchenwies.de\/wp-content\/uploads\/2024\/06\/Tennisplatz_gk.jpg\" alt=\"\" class=\"wp-image-247 size-full\" srcset=\"https:\/\/tennisclubkrauchenwies.de\/wp-content\/uploads\/2024\/06\/Tennisplatz_gk.jpg 960w, https:\/\/tennisclubkrauchenwies.de\/wp-content\/uploads\/2024\/06\/Tennisplatz_gk-300x225.jpg 300w, https:\/\/tennisclubkrauchenwies.de\/wp-content\/uploads\/2024\/06\/Tennisplatz_gk-768x576.jpg 768w\" sizes=\"auto, (max-width: 960px) 100vw, 960px\" \/><\/figure><div class=\"wp-block-media-text__content\">\n<p><strong>Der Club<\/strong><\/p>\n\n\n\n<p>Mit rund 150 Mitgliedern kommen sie regelm\u00e4\u00dfig zusammen, um neben Rundenspielen auch zahlreiche Veranstaltungen f\u00fcr Gro\u00df und Klein zu genie\u00dfen. <\/p>\n\n\n\n<p>Der Verein f\u00f6rdert sowohl den sportlichen Aspekt, mit verschiedenen Mannschaften und regelm\u00e4\u00dfigen Treffs f\u00fcr Freizeitspieler, als auch den geselligen Austausch, mit einem gro\u00dfz\u00fcgigen Vereinsheim f\u00fcr gem\u00fctliche Treffen und Veranstaltungen sowohl w\u00e4hrend als auch au\u00dferhalb der Saison.<\/p>\n\n\n\n<div class=\"wp-block-buttons is-layout-flex wp-block-buttons-is-layout-flex\">\n<div class=\"wp-block-button is-style-outline is-style-outline--1\"><a class=\"wp-block-button__link wp-element-button\" href=\"https:\/\/tennisclubkrauchenwies.de\/?page_id=105\">zum Club<\/a><\/div>\n<\/div>\n<\/div><\/div>\n\n\n\n<div style=\"height:56px\" aria-hidden=\"true\" class=\"wp-block-spacer\"><\/div>\n\n\n\n<div class=\"wp-block-media-text has-media-on-the-right is-stacked-on-mobile has-background\" style=\"background-color:#f2f2f2\"><div class=\"wp-block-media-text__content\">\n<p><strong>Training<\/strong><\/p>\n\n\n\n<p>Entdecke dein volles Tennispotenzial mit unserem vielf\u00e4ltigen Trainingsangebot! Bei uns kannst du am freien Training teilnehmen, mit lizenzierten Tennislehrern trainieren oder Schnupperkurse besuchen.<\/p>\n\n\n\n<p>Egal ob Anf\u00e4nger oder erfahrener Spieler, wir haben f\u00fcr jeden das passende Training. Komm vorbei und mach dich bereit, dein Spiel auf das n\u00e4chste Level zu bringen!<\/p>\n\n\n\n<div class=\"wp-block-buttons is-layout-flex wp-block-buttons-is-layout-flex\">\n<div class=\"wp-block-button is-style-outline is-style-outline--2\"><a class=\"wp-block-button__link wp-element-button\" href=\"https:\/\/tennisclubkrauchenwies.de\/?page_id=157(\u00f6ffnet in neuem Tab)\">Zum Training<\/a><\/div>\n<\/div>\n<\/div><figure class=\"wp-block-media-text__media\"><img loading=\"lazy\" decoding=\"async\" width=\"1024\" height=\"682\" src=\"https:\/\/tennisclubkrauchenwies.de\/wp-content\/uploads\/2025\/04\/photo_2025-04-20-21.54.41-1024x682.jpeg\" alt=\"\" class=\"wp-image-306 size-full\" srcset=\"https:\/\/tennisclubkrauchenwies.de\/wp-content\/uploads\/2025\/04\/photo_2025-04-20-21.54.41-1024x682.jpeg 1024w, https:\/\/tennisclubkrauchenwies.de\/wp-content\/uploads\/2025\/04\/photo_2025-04-20-21.54.41-300x200.jpeg 300w, https:\/\/tennisclubkrauchenwies.de\/wp-content\/uploads\/2025\/04\/photo_2025-04-20-21.54.41-768x512.jpeg 768w, https:\/\/tennisclubkrauchenwies.de\/wp-content\/uploads\/2025\/04\/photo_2025-04-20-21.54.41.jpeg 1280w\" sizes=\"auto, (max-width: 1024px) 100vw, 1024px\" \/><\/figure><\/div>\n\n\n\n<div style=\"height:56px\" aria-hidden=\"true\" class=\"wp-block-spacer\"><\/div>\n\n\n\n<p><strong>Das Team<\/strong><\/p>\n\n\n\n<div class=\"wp-block-columns is-layout-flex wp-container-core-columns-is-layout-28f84493 wp-block-columns-is-layout-flex\">\n<div class=\"wp-block-column is-layout-flow wp-block-column-is-layout-flow\">\n<figure class=\"wp-block-image aligncenter size-full is-resized is-style-rounded\"><img loading=\"lazy\" decoding=\"async\" width=\"512\" height=\"512\" src=\"https:\/\/tennisclubkrauchenwies.de\/wp-content\/uploads\/2024\/06\/Robert_Profil.jpg\" alt=\"\" class=\"wp-image-263\" style=\"width:435px;height:auto\" srcset=\"https:\/\/tennisclubkrauchenwies.de\/wp-content\/uploads\/2024\/06\/Robert_Profil.jpg 512w, https:\/\/tennisclubkrauchenwies.de\/wp-content\/uploads\/2024\/06\/Robert_Profil-300x300.jpg 300w, https:\/\/tennisclubkrauchenwies.de\/wp-content\/uploads\/2024\/06\/Robert_Profil-150x150.jpg 150w\" sizes=\"auto, (max-width: 512px) 100vw, 512px\" \/><figcaption class=\"wp-element-caption\"><strong>Robert Offner<\/strong><br>Vorstandsmitglied<\/figcaption><\/figure>\n<\/div>\n\n\n\n<div class=\"wp-block-column is-layout-flow wp-block-column-is-layout-flow\">\n<figure class=\"wp-block-image aligncenter size-full is-resized is-style-rounded\"><img loading=\"lazy\" decoding=\"async\" width=\"512\" height=\"512\" src=\"https:\/\/tennisclubkrauchenwies.de\/wp-content\/uploads\/2024\/06\/Dirk_Profil-1.png\" alt=\"\" class=\"wp-image-258\" style=\"width:434px;height:auto\" srcset=\"https:\/\/tennisclubkrauchenwies.de\/wp-content\/uploads\/2024\/06\/Dirk_Profil-1.png 512w, https:\/\/tennisclubkrauchenwies.de\/wp-content\/uploads\/2024\/06\/Dirk_Profil-1-300x300.png 300w, https:\/\/tennisclubkrauchenwies.de\/wp-content\/uploads\/2024\/06\/Dirk_Profil-1-150x150.png 150w\" sizes=\"auto, (max-width: 512px) 100vw, 512px\" \/><figcaption class=\"wp-element-caption\"><strong>Dirk Heinsohn<\/strong><br>Vorstandsmitglied<\/figcaption><\/figure>\n<\/div>\n<\/div>\n\n\n\n<div class=\"wp-block-buttons is-content-justification-center is-layout-flex wp-container-core-buttons-is-layout-a89b3969 wp-block-buttons-is-layout-flex\">\n<div class=\"wp-block-button\"><a class=\"wp-block-button__link wp-element-button\" href=\"https:\/\/tennisclubkrauchenwies.de\/?page_id=105\">zum Team<\/a><\/div>\n<\/div>\n\n\n\n<div style=\"height:100px\" aria-hidden=\"true\" class=\"wp-block-spacer\"><\/div>\n\n\n\n<p><\/p>\n","protected":false},"excerpt":{"rendered":"<p>Egal, ob du gerade erst mit dem Tennis beginnst oder bereits ein erfahrener Spieler bist, hier findest du genau das, [&hellip;]<\/p>\n","protected":false},"author":1,"featured_media":0,"parent":0,"menu_order":0,"comment_status":"closed","ping_status":"closed","template":"","meta":{"site-sidebar-layout":"default","site-content-layout":"","ast-site-content-layout":"default","site-content-style":"default","site-sidebar-style":"default","ast-global-header-display":"","ast-banner-title-visibility":"","ast-main-header-display":"","ast-hfb-above-header-display":"","ast-hfb-below-header-display":"","ast-hfb-mobile-header-display":"","site-post-title":"disabled","ast-breadcrumbs-content":"","ast-featured-img":"","footer-sml-layout":"","ast-disable-related-posts":"","theme-transparent-header-meta":"","adv-header-id-meta":"","stick-header-meta":"","header-above-stick-meta":"","header-main-stick-meta":"","header-below-stick-meta":"","astra-migrate-meta-layouts":"default","ast-page-background-enabled":"default","ast-page-background-meta":{"desktop":{"background-color":"var(--ast-global-color-4)","background-image":"","background-repeat":"repeat","background-position":"center center","background-size":"auto","background-attachment":"scroll","background-type":"","background-media":"","overlay-type":"","overlay-color":"","overlay-opacity":"","overlay-gradient":""},"tablet":{"background-color":"","background-image":"","background-repeat":"repeat","background-position":"center center","background-size":"auto","background-attachment":"scroll","background-type":"","background-media":"","overlay-type":"","overlay-color":"","overlay-opacity":"","overlay-gradient":""},"mobile":{"background-color":"","background-image":"","background-repeat":"repeat","background-position":"center center","background-size":"auto","background-attachment":"scroll","background-type":"","background-media":"","overlay-type":"","overlay-color":"","overlay-opacity":"","overlay-gradient":""}},"ast-content-background-meta":{"desktop":{"background-color":"var(--ast-global-color-5)","background-image":"","background-repeat":"repeat","background-position":"center center","background-size":"auto","background-attachment":"scroll","background-type":"","background-media":"","overlay-type":"","overlay-color":"","overlay-opacity":"","overlay-gradient":""},"tablet":{"background-color":"var(--ast-global-color-5)","background-image":"","background-repeat":"repeat","background-position":"center center","background-size":"auto","background-attachment":"scroll","background-type":"","background-media":"","overlay-type":"","overlay-color":"","overlay-opacity":"","overlay-gradient":""},"mobile":{"background-color":"var(--ast-global-color-5)","background-image":"","background-repeat":"repeat","background-position":"center center","background-size":"auto","background-attachment":"scroll","background-type":"","background-media":"","overlay-type":"","overlay-color":"","overlay-opacity":"","overlay-gradient":""}},"footnotes":""},"class_list":["post-18","page","type-page","status-publish","hentry"],"_links":{"self":[{"href":"https:\/\/tennisclubkrauchenwies.de\/index.php?rest_route=\/wp\/v2\/pages\/18","targetHints":{"allow":["GET"]}}],"collection":[{"href":"https:\/\/tennisclubkrauchenwies.de\/index.php?rest_route=\/wp\/v2\/pages"}],"about":[{"href":"https:\/\/tennisclubkrauchenwies.de\/index.php?rest_route=\/wp\/v2\/types\/page"}],"author":[{"embeddable":true,"href":"https:\/\/tennisclubkrauchenwies.de\/index.php?rest_route=\/wp\/v2\/users\/1"}],"replies":[{"embeddable":true,"href":"https:\/\/tennisclubkrauchenwies.de\/index.php?rest_route=%2Fwp%2Fv2%2Fcomments&post=18"}],"version-history":[{"count":15,"href":"https:\/\/tennisclubkrauchenwies.de\/index.php?rest_route=\/wp\/v2\/pages\/18\/revisions"}],"predecessor-version":[{"id":341,"href":"https:\/\/tennisclubkrauchenwies.de\/index.php?rest_route=\/wp\/v2\/pages\/18\/revisions\/341"}],"wp:attachment":[{"href":"https:\/\/tennisclubkrauchenwies.de\/index.php?rest_route=%2Fwp%2Fv2%2Fmedia&parent=18"}],"curies":[{"name":"wp","href":"https:\/\/api.w.org\/{rel}","templated":true}]}}