{"id":131,"date":"2024-05-17T23:11:54","date_gmt":"2024-05-17T21:11:54","guid":{"rendered":"https:\/\/relaunch.tennisclubkrauchenwies.de\/?page_id=131"},"modified":"2025-04-25T16:03:36","modified_gmt":"2025-04-25T14:03:36","slug":"mitglieder","status":"publish","type":"page","link":"https:\/\/tennisclubkrauchenwies.de\/?page_id=131","title":{"rendered":"Mitglieder"},"content":{"rendered":"\n<div class=\"wp-block-cover alignfull\" style=\"min-height:430px;aspect-ratio:unset;\"><img loading=\"lazy\" decoding=\"async\" width=\"1024\" height=\"682\" class=\"wp-block-cover__image-background wp-image-308 size-large\" alt=\"\" src=\"https:\/\/tennisclubkrauchenwies.de\/wp-content\/uploads\/2025\/04\/photo_2025-04-20-21.54.23-1024x682.jpeg\" data-object-fit=\"cover\" srcset=\"https:\/\/tennisclubkrauchenwies.de\/wp-content\/uploads\/2025\/04\/photo_2025-04-20-21.54.23-1024x682.jpeg 1024w, https:\/\/tennisclubkrauchenwies.de\/wp-content\/uploads\/2025\/04\/photo_2025-04-20-21.54.23-300x200.jpeg 300w, https:\/\/tennisclubkrauchenwies.de\/wp-content\/uploads\/2025\/04\/photo_2025-04-20-21.54.23-768x512.jpeg 768w, https:\/\/tennisclubkrauchenwies.de\/wp-content\/uploads\/2025\/04\/photo_2025-04-20-21.54.23.jpeg 1280w\" sizes=\"auto, (max-width: 1024px) 100vw, 1024px\" \/><span aria-hidden=\"true\" class=\"wp-block-cover__background has-background-dim\" style=\"background-color:#54261d\"><\/span><div class=\"wp-block-cover__inner-container is-layout-flow wp-block-cover-is-layout-flow\">\n<h2 class=\"wp-block-heading has-large-font-size\">Werde Mitglied beim TCK<\/h2>\n\n\n\n<h2 class=\"wp-block-heading has-medium-font-size\">Hier gibt\u00b4s alle Infos zur Vereinsmitgliedschaft beim Tennisclub Krauchenwies<\/h2>\n\n\n\n<div class=\"wp-block-buttons is-layout-flex wp-block-buttons-is-layout-flex\"><\/div>\n<\/div><\/div>\n\n\n\n<div style=\"height:56px\" aria-hidden=\"true\" class=\"wp-block-spacer\"><\/div>\n\n\n\n<p><strong>Mitglieder Jahresbeitr\u00e4ge<\/strong><\/p>\n\n\n\n<figure class=\"wp-block-table\"><table><tbody><tr><td>Erwachsene<\/td><td><strong>110\u20ac<\/strong><\/td><\/tr><tr><td>Paare<\/td><td><strong>180\u20ac<\/strong><\/td><\/tr><tr><td>Jugendliche, Azubi, Studenten bis 21 Jahre<\/td><td><strong>35\u20ac<\/strong><\/td><\/tr><tr><td>Kinder bis 14 Jahre<\/td><td><strong>10\u20ac<\/strong><\/td><\/tr><tr><td>passive Mitgliedschaft<\/td><td><strong>20\u20ac<\/strong><\/td><\/tr><\/tbody><\/table><\/figure>\n\n\n\n<div class=\"wp-block-buttons is-content-justification-center is-layout-flex wp-container-core-buttons-is-layout-a89b3969 wp-block-buttons-is-layout-flex\">\n<div class=\"wp-block-button\"><a class=\"wp-block-button__link wp-element-button\" href=\"https:\/\/web.meinverein.de\/club\/71335\/member-request-application\">Jetzt digital Mitglied werden<\/a><\/div>\n<\/div>\n\n\n\n<p><strong>Beitrittserkl\u00e4rung &amp; Vereins Satzung<\/strong><\/p>\n\n\n\n<p>Sie k\u00f6nnen die komplett ausgef\u00fcllte und unterschriebene Beitrittserkl\u00e4rung per Email an&nbsp;<a href=\"mailto:mitglied@tennisclubkrauchenwies.de\">mitglied@tennisclubkrauchenwies.de<\/a>&nbsp;senden oder alternativ auf dem Postweg an die Anschrift auf der Beitrittserkl\u00e4rung.<\/p>\n\n\n\n<div data-wp-interactive=\"core\/file\" class=\"wp-block-file\" style=\"margin-top:0;margin-right:0;margin-bottom:0;margin-left:0;padding-top:var(--wp--preset--spacing--40);padding-right:0;padding-bottom:var(--wp--preset--spacing--40);padding-left:0\"><object data-wp-bind--hidden=\"!state.hasPdfPreview\" hidden class=\"wp-block-file__embed\" data=\"https:\/\/tennisclubkrauchenwies.de\/wp-content\/uploads\/2024\/07\/Beitrittserklaerung_TCK.pdf\" type=\"application\/pdf\" style=\"width:100%;height:600px\" aria-label=\"Einbettung von Beitrittserklaerung_TCK.\"><\/object><a id=\"wp-block-file--media-22c8c534-edae-470c-b02b-f4af5b4dde48\" href=\"https:\/\/tennisclubkrauchenwies.de\/wp-content\/uploads\/2024\/07\/Beitrittserklaerung_TCK.pdf\">Beitrittserklaerung_TCK<\/a><a href=\"https:\/\/tennisclubkrauchenwies.de\/wp-content\/uploads\/2024\/07\/Beitrittserklaerung_TCK.pdf\" class=\"wp-block-file__button wp-element-button\" download aria-describedby=\"wp-block-file--media-22c8c534-edae-470c-b02b-f4af5b4dde48\">Herunterladen<\/a><\/div>\n\n\n\n<div class=\"wp-block-file\"><a id=\"wp-block-file--media-f1e73533-5713-4d2e-a9c4-ff10cd6d69e4\" href=\"https:\/\/tennisclubkrauchenwies.de\/wp-content\/uploads\/2024\/07\/Satzung_TCK.pdf\">Satzung_TCK<\/a><a href=\"https:\/\/tennisclubkrauchenwies.de\/wp-content\/uploads\/2024\/07\/Satzung_TCK.pdf\" class=\"wp-block-file__button wp-element-button\" download aria-describedby=\"wp-block-file--media-f1e73533-5713-4d2e-a9c4-ff10cd6d69e4\">Herunterladen<\/a><\/div>\n\n\n\n<p><\/p>\n\n\n\n<div style=\"height:100px\" aria-hidden=\"true\" class=\"wp-block-spacer\"><\/div>\n","protected":false},"excerpt":{"rendered":"<p>Mitglieder Jahresbeitr\u00e4ge Erwachsene 110\u20ac Paare 180\u20ac Jugendliche, Azubi, Studenten bis 21 Jahre 35\u20ac Kinder bis 14 Jahre 10\u20ac passive Mitgliedschaft [&hellip;]<\/p>\n","protected":false},"author":1,"featured_media":0,"parent":0,"menu_order":0,"comment_status":"closed","ping_status":"closed","template":"","meta":{"site-sidebar-layout":"default","site-content-layout":"","ast-site-content-layout":"default","site-content-style":"default","site-sidebar-style":"default","ast-global-header-display":"","ast-banner-title-visibility":"","ast-main-header-display":"","ast-hfb-above-header-display":"","ast-hfb-below-header-display":"","ast-hfb-mobile-header-display":"","site-post-title":"disabled","ast-breadcrumbs-content":"","ast-featured-img":"","footer-sml-layout":"","ast-disable-related-posts":"","theme-transparent-header-meta":"","adv-header-id-meta":"","stick-header-meta":"","header-above-stick-meta":"","header-main-stick-meta":"","header-below-stick-meta":"","astra-migrate-meta-layouts":"default","ast-page-background-enabled":"default","ast-page-background-meta":{"desktop":{"background-color":"var(--ast-global-color-4)","background-image":"","background-repeat":"repeat","background-position":"center center","background-size":"auto","background-attachment":"scroll","background-type":"","background-media":"","overlay-type":"","overlay-color":"","overlay-opacity":"","overlay-gradient":""},"tablet":{"background-color":"","background-image":"","background-repeat":"repeat","background-position":"center center","background-size":"auto","background-attachment":"scroll","background-type":"","background-media":"","overlay-type":"","overlay-color":"","overlay-opacity":"","overlay-gradient":""},"mobile":{"background-color":"","background-image":"","background-repeat":"repeat","background-position":"center center","background-size":"auto","background-attachment":"scroll","background-type":"","background-media":"","overlay-type":"","overlay-color":"","overlay-opacity":"","overlay-gradient":""}},"ast-content-background-meta":{"desktop":{"background-color":"var(--ast-global-color-5)","background-image":"","background-repeat":"repeat","background-position":"center center","background-size":"auto","background-attachment":"scroll","background-type":"","background-media":"","overlay-type":"","overlay-color":"","overlay-opacity":"","overlay-gradient":""},"tablet":{"background-color":"var(--ast-global-color-5)","background-image":"","background-repeat":"repeat","background-position":"center center","background-size":"auto","background-attachment":"scroll","background-type":"","background-media":"","overlay-type":"","overlay-color":"","overlay-opacity":"","overlay-gradient":""},"mobile":{"background-color":"var(--ast-global-color-5)","background-image":"","background-repeat":"repeat","background-position":"center center","background-size":"auto","background-attachment":"scroll","background-type":"","background-media":"","overlay-type":"","overlay-color":"","overlay-opacity":"","overlay-gradient":""}},"footnotes":""},"class_list":["post-131","page","type-page","status-publish","hentry"],"_links":{"self":[{"href":"https:\/\/tennisclubkrauchenwies.de\/index.php?rest_route=\/wp\/v2\/pages\/131","targetHints":{"allow":["GET"]}}],"collection":[{"href":"https:\/\/tennisclubkrauchenwies.de\/index.php?rest_route=\/wp\/v2\/pages"}],"about":[{"href":"https:\/\/tennisclubkrauchenwies.de\/index.php?rest_route=\/wp\/v2\/types\/page"}],"author":[{"embeddable":true,"href":"https:\/\/tennisclubkrauchenwies.de\/index.php?rest_route=\/wp\/v2\/users\/1"}],"replies":[{"embeddable":true,"href":"https:\/\/tennisclubkrauchenwies.de\/index.php?rest_route=%2Fwp%2Fv2%2Fcomments&post=131"}],"version-history":[{"count":11,"href":"https:\/\/tennisclubkrauchenwies.de\/index.php?rest_route=\/wp\/v2\/pages\/131\/revisions"}],"predecessor-version":[{"id":334,"href":"https:\/\/tennisclubkrauchenwies.de\/index.php?rest_route=\/wp\/v2\/pages\/131\/revisions\/334"}],"wp:attachment":[{"href":"https:\/\/tennisclubkrauchenwies.de\/index.php?rest_route=%2Fwp%2Fv2%2Fmedia&parent=131"}],"curies":[{"name":"wp","href":"https:\/\/api.w.org\/{rel}","templated":true}]}}